{"id":62,"date":"2024-04-22T20:47:01","date_gmt":"2024-04-22T23:47:01","guid":{"rendered":"https:\/\/blog.totidiversidade.com.br\/?page_id=62"},"modified":"2025-04-17T15:49:11","modified_gmt":"2025-04-17T18:49:11","slug":"blog-diversidade-e-esg","status":"publish","type":"page","link":"https:\/\/totidiversidade.com.br\/blog\/blog-diversidade-e-esg\/","title":{"rendered":"Blog Diversidade e ESG"},"content":{"rendered":"","protected":false},"excerpt":{"rendered":"","protected":false},"author":2,"featured_media":8955,"parent":0,"menu_order":0,"comment_status":"closed","ping_status":"closed","template":"","meta":{"footnotes":""},"class_list":["post-62","page","type-page","status-publish","has-post-thumbnail","hentry"],"yoast_head":"<!-- This site is optimized with the Yoast SEO plugin v25.7 - https:\/\/yoast.com\/wordpress\/plugins\/seo\/ -->\n<title>Blog Diversidade e ESG | Toti<\/title>\n<meta name=\"description\" content=\"O Blog da Toti Diversidade \u00e9 o melhor blog para voc\u00ea aprender sobre inclus\u00e3o, impacto social, diversidade e ESG.\" \/>\n<meta name=\"robots\" content=\"index, follow, max-snippet:-1, max-image-preview:large, max-video-preview:-1\" \/>\n<link rel=\"canonical\" href=\"https:\/\/totidiversidade.com.br\/blog\/\" \/>\n<meta property=\"og:locale\" content=\"pt_BR\" \/>\n<meta property=\"og:type\" content=\"article\" \/>\n<meta property=\"og:title\" content=\"Blog Diversidade e ESG | Toti\" \/>\n<meta property=\"og:description\" content=\"O Blog da Toti Diversidade \u00e9 o melhor blog para voc\u00ea aprender sobre inclus\u00e3o, impacto social, diversidade e ESG.\" \/>\n<meta property=\"og:url\" content=\"https:\/\/totidiversidade.com.br\/blog\/\" \/>\n<meta property=\"og:site_name\" content=\"Blog Diversidade e ESG | Toti\" \/>\n<meta property=\"article:modified_time\" content=\"2025-04-17T18:49:11+00:00\" \/>\n<meta name=\"twitter:card\" content=\"summary_large_image\" \/>\n<meta name=\"twitter:label1\" content=\"Est. tempo de leitura\" \/>\n\t<meta name=\"twitter:data1\" content=\"1 minuto\" \/>\n<script type=\"application\/ld+json\" class=\"yoast-schema-graph\">{\"@context\":\"https:\/\/schema.org\",\"@graph\":[{\"@type\":\"WebPage\",\"@id\":\"https:\/\/totidiversidade.com.br\/blog\/blog-diversidade-e-esg\/\",\"url\":\"https:\/\/totidiversidade.com.br\/blog\/\",\"name\":\"Blog Diversidade e ESG | Toti\",\"isPartOf\":{\"@id\":\"https:\/\/totidiversidade.com.br\/blog\/#website\"},\"primaryImageOfPage\":{\"@id\":\"https:\/\/totidiversidade.com.br\/blog\/#primaryimage\"},\"image\":{\"@id\":\"https:\/\/totidiversidade.com.br\/blog\/#primaryimage\"},\"thumbnailUrl\":\"https:\/\/totidiversidade.com.br\/blog\/wp-content\/uploads\/2025\/04\/Estudante-Toti-Diversidade-1-scaled.avif\",\"datePublished\":\"2024-04-22T23:47:01+00:00\",\"dateModified\":\"2025-04-17T18:49:11+00:00\",\"description\":\"O Blog da Toti Diversidade \u00e9 o melhor blog para voc\u00ea aprender sobre inclus\u00e3o, impacto social, diversidade e ESG.\",\"breadcrumb\":{\"@id\":\"https:\/\/totidiversidade.com.br\/blog\/#breadcrumb\"},\"inLanguage\":\"pt-BR\",\"potentialAction\":[{\"@type\":\"ReadAction\",\"target\":[\"https:\/\/totidiversidade.com.br\/blog\/\"]}]},{\"@type\":\"ImageObject\",\"inLanguage\":\"pt-BR\",\"@id\":\"https:\/\/totidiversidade.com.br\/blog\/#primaryimage\",\"url\":\"https:\/\/totidiversidade.com.br\/blog\/wp-content\/uploads\/2025\/04\/Estudante-Toti-Diversidade-1-scaled.avif\",\"contentUrl\":\"https:\/\/totidiversidade.com.br\/blog\/wp-content\/uploads\/2025\/04\/Estudante-Toti-Diversidade-1-scaled.avif\",\"width\":2560,\"height\":1440},{\"@type\":\"BreadcrumbList\",\"@id\":\"https:\/\/totidiversidade.com.br\/blog\/#breadcrumb\",\"itemListElement\":[{\"@type\":\"ListItem\",\"position\":1,\"name\":\"In\u00edcio\",\"item\":\"https:\/\/totidiversidade.com.br\/blog\/\"},{\"@type\":\"ListItem\",\"position\":2,\"name\":\"Blog Diversidade e ESG\"}]},{\"@type\":\"WebSite\",\"@id\":\"https:\/\/totidiversidade.com.br\/blog\/#website\",\"url\":\"https:\/\/totidiversidade.com.br\/blog\/\",\"name\":\"Blog Toti Diversidade\",\"description\":\"Leia no blog da TOTI sobre diversidade, ESG e inclus\u00e3o de refugiados no mercado de tecnologia. Conte\u00fado que transforma empresas e vidas.\",\"alternateName\":\"Blog Toti\",\"potentialAction\":[{\"@type\":\"SearchAction\",\"target\":{\"@type\":\"EntryPoint\",\"urlTemplate\":\"https:\/\/totidiversidade.com.br\/blog\/?s={search_term_string}\"},\"query-input\":{\"@type\":\"PropertyValueSpecification\",\"valueRequired\":true,\"valueName\":\"search_term_string\"}}],\"inLanguage\":\"pt-BR\"}]}<\/script>\n<!-- \/ Yoast SEO plugin. -->","yoast_head_json":{"title":"Blog Diversidade e ESG | Toti","description":"O Blog da Toti Diversidade \u00e9 o melhor blog para voc\u00ea aprender sobre inclus\u00e3o, impacto social, diversidade e ESG.","robots":{"index":"index","follow":"follow","max-snippet":"max-snippet:-1","max-image-preview":"max-image-preview:large","max-video-preview":"max-video-preview:-1"},"canonical":"https:\/\/totidiversidade.com.br\/blog\/","og_locale":"pt_BR","og_type":"article","og_title":"Blog Diversidade e ESG | Toti","og_description":"O Blog da Toti Diversidade \u00e9 o melhor blog para voc\u00ea aprender sobre inclus\u00e3o, impacto social, diversidade e ESG.","og_url":"https:\/\/totidiversidade.com.br\/blog\/","og_site_name":"Blog Diversidade e ESG | Toti","article_modified_time":"2025-04-17T18:49:11+00:00","twitter_card":"summary_large_image","twitter_misc":{"Est. tempo de leitura":"1 minuto"},"schema":{"@context":"https:\/\/schema.org","@graph":[{"@type":"WebPage","@id":"https:\/\/totidiversidade.com.br\/blog\/blog-diversidade-e-esg\/","url":"https:\/\/totidiversidade.com.br\/blog\/","name":"Blog Diversidade e ESG | Toti","isPartOf":{"@id":"https:\/\/totidiversidade.com.br\/blog\/#website"},"primaryImageOfPage":{"@id":"https:\/\/totidiversidade.com.br\/blog\/#primaryimage"},"image":{"@id":"https:\/\/totidiversidade.com.br\/blog\/#primaryimage"},"thumbnailUrl":"https:\/\/totidiversidade.com.br\/blog\/wp-content\/uploads\/2025\/04\/Estudante-Toti-Diversidade-1-scaled.avif","datePublished":"2024-04-22T23:47:01+00:00","dateModified":"2025-04-17T18:49:11+00:00","description":"O Blog da Toti Diversidade \u00e9 o melhor blog para voc\u00ea aprender sobre inclus\u00e3o, impacto social, diversidade e ESG.","breadcrumb":{"@id":"https:\/\/totidiversidade.com.br\/blog\/#breadcrumb"},"inLanguage":"pt-BR","potentialAction":[{"@type":"ReadAction","target":["https:\/\/totidiversidade.com.br\/blog\/"]}]},{"@type":"ImageObject","inLanguage":"pt-BR","@id":"https:\/\/totidiversidade.com.br\/blog\/#primaryimage","url":"https:\/\/totidiversidade.com.br\/blog\/wp-content\/uploads\/2025\/04\/Estudante-Toti-Diversidade-1-scaled.avif","contentUrl":"https:\/\/totidiversidade.com.br\/blog\/wp-content\/uploads\/2025\/04\/Estudante-Toti-Diversidade-1-scaled.avif","width":2560,"height":1440},{"@type":"BreadcrumbList","@id":"https:\/\/totidiversidade.com.br\/blog\/#breadcrumb","itemListElement":[{"@type":"ListItem","position":1,"name":"In\u00edcio","item":"https:\/\/totidiversidade.com.br\/blog\/"},{"@type":"ListItem","position":2,"name":"Blog Diversidade e ESG"}]},{"@type":"WebSite","@id":"https:\/\/totidiversidade.com.br\/blog\/#website","url":"https:\/\/totidiversidade.com.br\/blog\/","name":"Blog Toti Diversidade","description":"Leia no blog da TOTI sobre diversidade, ESG e inclus\u00e3o de refugiados no mercado de tecnologia. Conte\u00fado que transforma empresas e vidas.","alternateName":"Blog Toti","potentialAction":[{"@type":"SearchAction","target":{"@type":"EntryPoint","urlTemplate":"https:\/\/totidiversidade.com.br\/blog\/?s={search_term_string}"},"query-input":{"@type":"PropertyValueSpecification","valueRequired":true,"valueName":"search_term_string"}}],"inLanguage":"pt-BR"}]}},"_links":{"self":[{"href":"https:\/\/totidiversidade.com.br\/blog\/wp-json\/wp\/v2\/pages\/62","targetHints":{"allow":["GET"]}}],"collection":[{"href":"https:\/\/totidiversidade.com.br\/blog\/wp-json\/wp\/v2\/pages"}],"about":[{"href":"https:\/\/totidiversidade.com.br\/blog\/wp-json\/wp\/v2\/types\/page"}],"author":[{"embeddable":true,"href":"https:\/\/totidiversidade.com.br\/blog\/wp-json\/wp\/v2\/users\/2"}],"replies":[{"embeddable":true,"href":"https:\/\/totidiversidade.com.br\/blog\/wp-json\/wp\/v2\/comments?post=62"}],"version-history":[{"count":4,"href":"https:\/\/totidiversidade.com.br\/blog\/wp-json\/wp\/v2\/pages\/62\/revisions"}],"predecessor-version":[{"id":6323,"href":"https:\/\/totidiversidade.com.br\/blog\/wp-json\/wp\/v2\/pages\/62\/revisions\/6323"}],"wp:featuredmedia":[{"embeddable":true,"href":"https:\/\/totidiversidade.com.br\/blog\/wp-json\/wp\/v2\/media\/8955"}],"wp:attachment":[{"href":"https:\/\/totidiversidade.com.br\/blog\/wp-json\/wp\/v2\/media?parent=62"}],"curies":[{"name":"wp","href":"https:\/\/api.w.org\/{rel}","templated":true}]}}